{"id":13940,"date":"2024-10-28T08:00:34","date_gmt":"2024-10-28T07:00:34","guid":{"rendered":"https:\/\/groupe-icare.mycoqpit.fr\/cycle-de-vie-des-produits-de-sante\/"},"modified":"2025-01-10T09:37:23","modified_gmt":"2025-01-10T08:37:23","slug":"cycle-de-vie-des-produits-de-sante","status":"publish","type":"page","link":"https:\/\/groupe-icare.mycoqpit.fr\/en\/cycle-de-vie-des-produits-de-sante\/","title":{"rendered":"Cycle de vie des produits de sant\u00e9"},"content":{"rendered":"","protected":false},"excerpt":{"rendered":"","protected":false},"author":1,"featured_media":0,"parent":0,"menu_order":0,"comment_status":"closed","ping_status":"closed","template":"","meta":{"_acf_changed":false,"footnotes":""},"class_list":["post-13940","page","type-page","status-publish","hentry"],"acf":[],"yoast_head":"<!-- This site is optimized with the Yoast SEO plugin v24.3 - https:\/\/yoast.com\/wordpress\/plugins\/seo\/ -->\n<title>Cycle de vie des produits de sant\u00e9 - Groupe Icare<\/title>\n<meta name=\"description\" content=\"Icare vous guide dans tous vos projets et \u00e0 toutes ses \u00e9tapes : de l&#039;id\u00e9e, \u00e0 la conception, fabrication et mise sur le march\u00e9\" \/>\n<meta name=\"robots\" content=\"index, follow, max-snippet:-1, max-image-preview:large, max-video-preview:-1\" \/>\n<link rel=\"canonical\" href=\"https:\/\/groupe-icare.mycoqpit.fr\/en\/cycle-de-vie-des-produits-de-sante\/\" \/>\n<meta property=\"og:locale\" content=\"en_US\" \/>\n<meta property=\"og:type\" content=\"article\" \/>\n<meta property=\"og:title\" content=\"Cycle de vie des produits de sant\u00e9 - Groupe Icare\" \/>\n<meta property=\"og:description\" content=\"Icare vous guide dans tous vos projets et \u00e0 toutes ses \u00e9tapes : de l&#039;id\u00e9e, \u00e0 la conception, fabrication et mise sur le march\u00e9\" \/>\n<meta property=\"og:url\" content=\"https:\/\/groupe-icare.mycoqpit.fr\/en\/cycle-de-vie-des-produits-de-sante\/\" \/>\n<meta property=\"og:site_name\" content=\"Groupe Icare\" \/>\n<meta property=\"article:modified_time\" content=\"2025-01-10T08:37:23+00:00\" \/>\n<meta name=\"twitter:card\" content=\"summary_large_image\" \/>\n<script type=\"application\/ld+json\" class=\"yoast-schema-graph\">{\"@context\":\"https:\/\/schema.org\",\"@graph\":[{\"@type\":\"WebPage\",\"@id\":\"https:\/\/groupe-icare.mycoqpit.fr\/en\/cycle-de-vie-des-produits-de-sante\/\",\"url\":\"https:\/\/groupe-icare.mycoqpit.fr\/en\/cycle-de-vie-des-produits-de-sante\/\",\"name\":\"Cycle de vie des produits de sant\u00e9 - Groupe Icare\",\"isPartOf\":{\"@id\":\"https:\/\/groupe-icare.mycoqpit.fr\/en\/#website\"},\"datePublished\":\"2024-10-28T07:00:34+00:00\",\"dateModified\":\"2025-01-10T08:37:23+00:00\",\"description\":\"Icare vous guide dans tous vos projets et \u00e0 toutes ses \u00e9tapes : de l'id\u00e9e, \u00e0 la conception, fabrication et mise sur le march\u00e9\",\"breadcrumb\":{\"@id\":\"https:\/\/groupe-icare.mycoqpit.fr\/en\/cycle-de-vie-des-produits-de-sante\/#breadcrumb\"},\"inLanguage\":\"en-US\",\"potentialAction\":[{\"@type\":\"ReadAction\",\"target\":[\"https:\/\/groupe-icare.mycoqpit.fr\/en\/cycle-de-vie-des-produits-de-sante\/\"]}]},{\"@type\":\"BreadcrumbList\",\"@id\":\"https:\/\/groupe-icare.mycoqpit.fr\/en\/cycle-de-vie-des-produits-de-sante\/#breadcrumb\",\"itemListElement\":[{\"@type\":\"ListItem\",\"position\":1,\"name\":\"Accueil\",\"item\":\"https:\/\/groupe-icare.mycoqpit.fr\/en\/\"},{\"@type\":\"ListItem\",\"position\":2,\"name\":\"Cycle de vie des produits de sant\u00e9\"}]},{\"@type\":\"WebSite\",\"@id\":\"https:\/\/groupe-icare.mycoqpit.fr\/en\/#website\",\"url\":\"https:\/\/groupe-icare.mycoqpit.fr\/en\/\",\"name\":\"Groupe Icare\",\"description\":\"\",\"publisher\":{\"@id\":\"https:\/\/groupe-icare.mycoqpit.fr\/en\/#organization\"},\"potentialAction\":[{\"@type\":\"SearchAction\",\"target\":{\"@type\":\"EntryPoint\",\"urlTemplate\":\"https:\/\/groupe-icare.mycoqpit.fr\/en\/?s={search_term_string}\"},\"query-input\":{\"@type\":\"PropertyValueSpecification\",\"valueRequired\":true,\"valueName\":\"search_term_string\"}}],\"inLanguage\":\"en-US\"},{\"@type\":\"Organization\",\"@id\":\"https:\/\/groupe-icare.mycoqpit.fr\/en\/#organization\",\"name\":\"Groupe Icare\",\"url\":\"https:\/\/groupe-icare.mycoqpit.fr\/en\/\",\"logo\":{\"@type\":\"ImageObject\",\"inLanguage\":\"en-US\",\"@id\":\"https:\/\/groupe-icare.mycoqpit.fr\/en\/#\/schema\/logo\/image\/\",\"url\":\"https:\/\/groupe-icare.mycoqpit.fr\/wp-content\/uploads\/2024\/07\/groupe-icare-main.svg\",\"contentUrl\":\"https:\/\/groupe-icare.mycoqpit.fr\/wp-content\/uploads\/2024\/07\/groupe-icare-main.svg\",\"caption\":\"Groupe Icare\"},\"image\":{\"@id\":\"https:\/\/groupe-icare.mycoqpit.fr\/en\/#\/schema\/logo\/image\/\"}}]}<\/script>\n<!-- \/ Yoast SEO plugin. -->","yoast_head_json":{"title":"Cycle de vie des produits de sant\u00e9 - Groupe Icare","description":"Icare vous guide dans tous vos projets et \u00e0 toutes ses \u00e9tapes : de l'id\u00e9e, \u00e0 la conception, fabrication et mise sur le march\u00e9","robots":{"index":"index","follow":"follow","max-snippet":"max-snippet:-1","max-image-preview":"max-image-preview:large","max-video-preview":"max-video-preview:-1"},"canonical":"https:\/\/groupe-icare.mycoqpit.fr\/en\/cycle-de-vie-des-produits-de-sante\/","og_locale":"en_US","og_type":"article","og_title":"Cycle de vie des produits de sant\u00e9 - Groupe Icare","og_description":"Icare vous guide dans tous vos projets et \u00e0 toutes ses \u00e9tapes : de l'id\u00e9e, \u00e0 la conception, fabrication et mise sur le march\u00e9","og_url":"https:\/\/groupe-icare.mycoqpit.fr\/en\/cycle-de-vie-des-produits-de-sante\/","og_site_name":"Groupe Icare","article_modified_time":"2025-01-10T08:37:23+00:00","twitter_card":"summary_large_image","schema":{"@context":"https:\/\/schema.org","@graph":[{"@type":"WebPage","@id":"https:\/\/groupe-icare.mycoqpit.fr\/en\/cycle-de-vie-des-produits-de-sante\/","url":"https:\/\/groupe-icare.mycoqpit.fr\/en\/cycle-de-vie-des-produits-de-sante\/","name":"Cycle de vie des produits de sant\u00e9 - Groupe Icare","isPartOf":{"@id":"https:\/\/groupe-icare.mycoqpit.fr\/en\/#website"},"datePublished":"2024-10-28T07:00:34+00:00","dateModified":"2025-01-10T08:37:23+00:00","description":"Icare vous guide dans tous vos projets et \u00e0 toutes ses \u00e9tapes : de l'id\u00e9e, \u00e0 la conception, fabrication et mise sur le march\u00e9","breadcrumb":{"@id":"https:\/\/groupe-icare.mycoqpit.fr\/en\/cycle-de-vie-des-produits-de-sante\/#breadcrumb"},"inLanguage":"en-US","potentialAction":[{"@type":"ReadAction","target":["https:\/\/groupe-icare.mycoqpit.fr\/en\/cycle-de-vie-des-produits-de-sante\/"]}]},{"@type":"BreadcrumbList","@id":"https:\/\/groupe-icare.mycoqpit.fr\/en\/cycle-de-vie-des-produits-de-sante\/#breadcrumb","itemListElement":[{"@type":"ListItem","position":1,"name":"Accueil","item":"https:\/\/groupe-icare.mycoqpit.fr\/en\/"},{"@type":"ListItem","position":2,"name":"Cycle de vie des produits de sant\u00e9"}]},{"@type":"WebSite","@id":"https:\/\/groupe-icare.mycoqpit.fr\/en\/#website","url":"https:\/\/groupe-icare.mycoqpit.fr\/en\/","name":"Groupe Icare","description":"","publisher":{"@id":"https:\/\/groupe-icare.mycoqpit.fr\/en\/#organization"},"potentialAction":[{"@type":"SearchAction","target":{"@type":"EntryPoint","urlTemplate":"https:\/\/groupe-icare.mycoqpit.fr\/en\/?s={search_term_string}"},"query-input":{"@type":"PropertyValueSpecification","valueRequired":true,"valueName":"search_term_string"}}],"inLanguage":"en-US"},{"@type":"Organization","@id":"https:\/\/groupe-icare.mycoqpit.fr\/en\/#organization","name":"Groupe Icare","url":"https:\/\/groupe-icare.mycoqpit.fr\/en\/","logo":{"@type":"ImageObject","inLanguage":"en-US","@id":"https:\/\/groupe-icare.mycoqpit.fr\/en\/#\/schema\/logo\/image\/","url":"https:\/\/groupe-icare.mycoqpit.fr\/wp-content\/uploads\/2024\/07\/groupe-icare-main.svg","contentUrl":"https:\/\/groupe-icare.mycoqpit.fr\/wp-content\/uploads\/2024\/07\/groupe-icare-main.svg","caption":"Groupe Icare"},"image":{"@id":"https:\/\/groupe-icare.mycoqpit.fr\/en\/#\/schema\/logo\/image\/"}}]}},"_links":{"self":[{"href":"https:\/\/groupe-icare.mycoqpit.fr\/en\/wp-json\/wp\/v2\/pages\/13940","targetHints":{"allow":["GET"]}}],"collection":[{"href":"https:\/\/groupe-icare.mycoqpit.fr\/en\/wp-json\/wp\/v2\/pages"}],"about":[{"href":"https:\/\/groupe-icare.mycoqpit.fr\/en\/wp-json\/wp\/v2\/types\/page"}],"author":[{"embeddable":true,"href":"https:\/\/groupe-icare.mycoqpit.fr\/en\/wp-json\/wp\/v2\/users\/1"}],"replies":[{"embeddable":true,"href":"https:\/\/groupe-icare.mycoqpit.fr\/en\/wp-json\/wp\/v2\/comments?post=13940"}],"version-history":[{"count":3,"href":"https:\/\/groupe-icare.mycoqpit.fr\/en\/wp-json\/wp\/v2\/pages\/13940\/revisions"}],"predecessor-version":[{"id":14216,"href":"https:\/\/groupe-icare.mycoqpit.fr\/en\/wp-json\/wp\/v2\/pages\/13940\/revisions\/14216"}],"wp:attachment":[{"href":"https:\/\/groupe-icare.mycoqpit.fr\/en\/wp-json\/wp\/v2\/media?parent=13940"}],"curies":[{"name":"wp","href":"https:\/\/api.w.org\/{rel}","templated":true}]}}