{"id":13956,"date":"2024-10-25T09:55:30","date_gmt":"2024-10-25T07:55:30","guid":{"rendered":"https:\/\/groupe-icare.mycoqpit.fr\/webicare\/"},"modified":"2025-03-25T15:52:48","modified_gmt":"2025-03-25T14:52:48","slug":"webicare","status":"publish","type":"page","link":"https:\/\/groupe-icare.mycoqpit.fr\/en\/webicare\/","title":{"rendered":"Webicare"},"content":{"rendered":"","protected":false},"excerpt":{"rendered":"","protected":false},"author":1,"featured_media":14282,"parent":0,"menu_order":0,"comment_status":"closed","ping_status":"closed","template":"","meta":{"_acf_changed":false,"footnotes":""},"class_list":["post-13956","page","type-page","status-publish","has-post-thumbnail","hentry"],"acf":[],"yoast_head":"<!-- This site is optimized with the Yoast SEO plugin v24.3 - https:\/\/yoast.com\/wordpress\/plugins\/seo\/ -->\n<title>Webicare - Groupe Icare<\/title>\n<meta name=\"description\" content=\"Participez \u00e0 nos s\u00e9ances mensuelles de webinaires, pr\u00e9sent\u00e9es par nos experts et expertes en ma\u00eetrise de la contamination, biocompatibilit\u00e9,.\" \/>\n<meta name=\"robots\" content=\"index, follow, max-snippet:-1, max-image-preview:large, max-video-preview:-1\" \/>\n<link rel=\"canonical\" href=\"https:\/\/groupe-icare.mycoqpit.fr\/en\/webicare\/\" \/>\n<meta property=\"og:locale\" content=\"en_US\" \/>\n<meta property=\"og:type\" content=\"article\" \/>\n<meta property=\"og:title\" content=\"Webicare - Groupe Icare\" \/>\n<meta property=\"og:description\" content=\"Participez \u00e0 nos s\u00e9ances mensuelles de webinaires, pr\u00e9sent\u00e9es par nos experts et expertes en ma\u00eetrise de la contamination, biocompatibilit\u00e9,.\" \/>\n<meta property=\"og:url\" content=\"https:\/\/groupe-icare.mycoqpit.fr\/en\/webicare\/\" \/>\n<meta property=\"og:site_name\" content=\"Groupe Icare\" \/>\n<meta property=\"article:modified_time\" content=\"2025-03-25T14:52:48+00:00\" \/>\n<meta name=\"twitter:card\" content=\"summary_large_image\" \/>\n<script type=\"application\/ld+json\" class=\"yoast-schema-graph\">{\"@context\":\"https:\/\/schema.org\",\"@graph\":[{\"@type\":\"WebPage\",\"@id\":\"https:\/\/groupe-icare.mycoqpit.fr\/en\/webicare\/\",\"url\":\"https:\/\/groupe-icare.mycoqpit.fr\/en\/webicare\/\",\"name\":\"Webicare - Groupe Icare\",\"isPartOf\":{\"@id\":\"https:\/\/groupe-icare.mycoqpit.fr\/en\/#website\"},\"primaryImageOfPage\":{\"@id\":\"https:\/\/groupe-icare.mycoqpit.fr\/en\/webicare\/#primaryimage\"},\"image\":{\"@id\":\"https:\/\/groupe-icare.mycoqpit.fr\/en\/webicare\/#primaryimage\"},\"thumbnailUrl\":\"https:\/\/groupe-icare.mycoqpit.fr\/wp-content\/uploads\/2025\/01\/webicare.svg\",\"datePublished\":\"2024-10-25T07:55:30+00:00\",\"dateModified\":\"2025-03-25T14:52:48+00:00\",\"description\":\"Participez \u00e0 nos s\u00e9ances mensuelles de webinaires, pr\u00e9sent\u00e9es par nos experts et expertes en ma\u00eetrise de la contamination, biocompatibilit\u00e9,.\",\"breadcrumb\":{\"@id\":\"https:\/\/groupe-icare.mycoqpit.fr\/en\/webicare\/#breadcrumb\"},\"inLanguage\":\"en-US\",\"potentialAction\":[{\"@type\":\"ReadAction\",\"target\":[\"https:\/\/groupe-icare.mycoqpit.fr\/en\/webicare\/\"]}]},{\"@type\":\"ImageObject\",\"inLanguage\":\"en-US\",\"@id\":\"https:\/\/groupe-icare.mycoqpit.fr\/en\/webicare\/#primaryimage\",\"url\":\"https:\/\/groupe-icare.mycoqpit.fr\/wp-content\/uploads\/2025\/01\/webicare.svg\",\"contentUrl\":\"https:\/\/groupe-icare.mycoqpit.fr\/wp-content\/uploads\/2025\/01\/webicare.svg\"},{\"@type\":\"BreadcrumbList\",\"@id\":\"https:\/\/groupe-icare.mycoqpit.fr\/en\/webicare\/#breadcrumb\",\"itemListElement\":[{\"@type\":\"ListItem\",\"position\":1,\"name\":\"Accueil\",\"item\":\"https:\/\/groupe-icare.mycoqpit.fr\/en\/\"},{\"@type\":\"ListItem\",\"position\":2,\"name\":\"Webicare\"}]},{\"@type\":\"WebSite\",\"@id\":\"https:\/\/groupe-icare.mycoqpit.fr\/en\/#website\",\"url\":\"https:\/\/groupe-icare.mycoqpit.fr\/en\/\",\"name\":\"Groupe Icare\",\"description\":\"\",\"publisher\":{\"@id\":\"https:\/\/groupe-icare.mycoqpit.fr\/en\/#organization\"},\"potentialAction\":[{\"@type\":\"SearchAction\",\"target\":{\"@type\":\"EntryPoint\",\"urlTemplate\":\"https:\/\/groupe-icare.mycoqpit.fr\/en\/?s={search_term_string}\"},\"query-input\":{\"@type\":\"PropertyValueSpecification\",\"valueRequired\":true,\"valueName\":\"search_term_string\"}}],\"inLanguage\":\"en-US\"},{\"@type\":\"Organization\",\"@id\":\"https:\/\/groupe-icare.mycoqpit.fr\/en\/#organization\",\"name\":\"Groupe Icare\",\"url\":\"https:\/\/groupe-icare.mycoqpit.fr\/en\/\",\"logo\":{\"@type\":\"ImageObject\",\"inLanguage\":\"en-US\",\"@id\":\"https:\/\/groupe-icare.mycoqpit.fr\/en\/#\/schema\/logo\/image\/\",\"url\":\"https:\/\/groupe-icare.mycoqpit.fr\/wp-content\/uploads\/2024\/07\/groupe-icare-main.svg\",\"contentUrl\":\"https:\/\/groupe-icare.mycoqpit.fr\/wp-content\/uploads\/2024\/07\/groupe-icare-main.svg\",\"caption\":\"Groupe Icare\"},\"image\":{\"@id\":\"https:\/\/groupe-icare.mycoqpit.fr\/en\/#\/schema\/logo\/image\/\"}}]}<\/script>\n<!-- \/ Yoast SEO plugin. -->","yoast_head_json":{"title":"Webicare - Groupe Icare","description":"Participez \u00e0 nos s\u00e9ances mensuelles de webinaires, pr\u00e9sent\u00e9es par nos experts et expertes en ma\u00eetrise de la contamination, biocompatibilit\u00e9,.","robots":{"index":"index","follow":"follow","max-snippet":"max-snippet:-1","max-image-preview":"max-image-preview:large","max-video-preview":"max-video-preview:-1"},"canonical":"https:\/\/groupe-icare.mycoqpit.fr\/en\/webicare\/","og_locale":"en_US","og_type":"article","og_title":"Webicare - Groupe Icare","og_description":"Participez \u00e0 nos s\u00e9ances mensuelles de webinaires, pr\u00e9sent\u00e9es par nos experts et expertes en ma\u00eetrise de la contamination, biocompatibilit\u00e9,.","og_url":"https:\/\/groupe-icare.mycoqpit.fr\/en\/webicare\/","og_site_name":"Groupe Icare","article_modified_time":"2025-03-25T14:52:48+00:00","twitter_card":"summary_large_image","schema":{"@context":"https:\/\/schema.org","@graph":[{"@type":"WebPage","@id":"https:\/\/groupe-icare.mycoqpit.fr\/en\/webicare\/","url":"https:\/\/groupe-icare.mycoqpit.fr\/en\/webicare\/","name":"Webicare - Groupe Icare","isPartOf":{"@id":"https:\/\/groupe-icare.mycoqpit.fr\/en\/#website"},"primaryImageOfPage":{"@id":"https:\/\/groupe-icare.mycoqpit.fr\/en\/webicare\/#primaryimage"},"image":{"@id":"https:\/\/groupe-icare.mycoqpit.fr\/en\/webicare\/#primaryimage"},"thumbnailUrl":"https:\/\/groupe-icare.mycoqpit.fr\/wp-content\/uploads\/2025\/01\/webicare.svg","datePublished":"2024-10-25T07:55:30+00:00","dateModified":"2025-03-25T14:52:48+00:00","description":"Participez \u00e0 nos s\u00e9ances mensuelles de webinaires, pr\u00e9sent\u00e9es par nos experts et expertes en ma\u00eetrise de la contamination, biocompatibilit\u00e9,.","breadcrumb":{"@id":"https:\/\/groupe-icare.mycoqpit.fr\/en\/webicare\/#breadcrumb"},"inLanguage":"en-US","potentialAction":[{"@type":"ReadAction","target":["https:\/\/groupe-icare.mycoqpit.fr\/en\/webicare\/"]}]},{"@type":"ImageObject","inLanguage":"en-US","@id":"https:\/\/groupe-icare.mycoqpit.fr\/en\/webicare\/#primaryimage","url":"https:\/\/groupe-icare.mycoqpit.fr\/wp-content\/uploads\/2025\/01\/webicare.svg","contentUrl":"https:\/\/groupe-icare.mycoqpit.fr\/wp-content\/uploads\/2025\/01\/webicare.svg"},{"@type":"BreadcrumbList","@id":"https:\/\/groupe-icare.mycoqpit.fr\/en\/webicare\/#breadcrumb","itemListElement":[{"@type":"ListItem","position":1,"name":"Accueil","item":"https:\/\/groupe-icare.mycoqpit.fr\/en\/"},{"@type":"ListItem","position":2,"name":"Webicare"}]},{"@type":"WebSite","@id":"https:\/\/groupe-icare.mycoqpit.fr\/en\/#website","url":"https:\/\/groupe-icare.mycoqpit.fr\/en\/","name":"Groupe Icare","description":"","publisher":{"@id":"https:\/\/groupe-icare.mycoqpit.fr\/en\/#organization"},"potentialAction":[{"@type":"SearchAction","target":{"@type":"EntryPoint","urlTemplate":"https:\/\/groupe-icare.mycoqpit.fr\/en\/?s={search_term_string}"},"query-input":{"@type":"PropertyValueSpecification","valueRequired":true,"valueName":"search_term_string"}}],"inLanguage":"en-US"},{"@type":"Organization","@id":"https:\/\/groupe-icare.mycoqpit.fr\/en\/#organization","name":"Groupe Icare","url":"https:\/\/groupe-icare.mycoqpit.fr\/en\/","logo":{"@type":"ImageObject","inLanguage":"en-US","@id":"https:\/\/groupe-icare.mycoqpit.fr\/en\/#\/schema\/logo\/image\/","url":"https:\/\/groupe-icare.mycoqpit.fr\/wp-content\/uploads\/2024\/07\/groupe-icare-main.svg","contentUrl":"https:\/\/groupe-icare.mycoqpit.fr\/wp-content\/uploads\/2024\/07\/groupe-icare-main.svg","caption":"Groupe Icare"},"image":{"@id":"https:\/\/groupe-icare.mycoqpit.fr\/en\/#\/schema\/logo\/image\/"}}]}},"_links":{"self":[{"href":"https:\/\/groupe-icare.mycoqpit.fr\/en\/wp-json\/wp\/v2\/pages\/13956","targetHints":{"allow":["GET"]}}],"collection":[{"href":"https:\/\/groupe-icare.mycoqpit.fr\/en\/wp-json\/wp\/v2\/pages"}],"about":[{"href":"https:\/\/groupe-icare.mycoqpit.fr\/en\/wp-json\/wp\/v2\/types\/page"}],"author":[{"embeddable":true,"href":"https:\/\/groupe-icare.mycoqpit.fr\/en\/wp-json\/wp\/v2\/users\/1"}],"replies":[{"embeddable":true,"href":"https:\/\/groupe-icare.mycoqpit.fr\/en\/wp-json\/wp\/v2\/comments?post=13956"}],"version-history":[{"count":5,"href":"https:\/\/groupe-icare.mycoqpit.fr\/en\/wp-json\/wp\/v2\/pages\/13956\/revisions"}],"predecessor-version":[{"id":14899,"href":"https:\/\/groupe-icare.mycoqpit.fr\/en\/wp-json\/wp\/v2\/pages\/13956\/revisions\/14899"}],"wp:featuredmedia":[{"embeddable":true,"href":"https:\/\/groupe-icare.mycoqpit.fr\/en\/wp-json\/wp\/v2\/media\/14282"}],"wp:attachment":[{"href":"https:\/\/groupe-icare.mycoqpit.fr\/en\/wp-json\/wp\/v2\/media?parent=13956"}],"curies":[{"name":"wp","href":"https:\/\/api.w.org\/{rel}","templated":true}]}}