{"id":13963,"date":"2024-09-16T10:46:32","date_gmt":"2024-09-16T08:46:32","guid":{"rendered":"https:\/\/groupe-icare.mycoqpit.fr\/mentions-legales\/"},"modified":"2024-09-16T10:46:32","modified_gmt":"2024-09-16T08:46:32","slug":"mentions-legales","status":"publish","type":"page","link":"https:\/\/groupe-icare.mycoqpit.fr\/en\/mentions-legales\/","title":{"rendered":"Mentions l\u00e9gales"},"content":{"rendered":"<p>Merci de lire attentivement les pr\u00e9sentes modalit\u00e9s d\u2019utilisation du pr\u00e9sent site avant de le parcourir. En vous connectant sur ce site, vous acceptez sans r\u00e9serve les pr\u00e9sentes modalit\u00e9s.<\/p>\n<p>&nbsp;<\/p>\n<h2>Editeur du site<\/h2>\n<p><b>GROUPE ICARE<\/b><br \/>\npar\u00a0Christian Poinsot<\/p>\n<address>Biop\u00f4le Clermont Limagne<br \/>\n63360 SAINT-BEAUZIRE<br \/>\nFrance<\/address>\n<p><a href=\"tel:+33473339999\">T\u00e9l. :\u00a0+ 33 (0) 4 73 33 99 99<\/a><br \/>\n<a href=\"https:\/\/www.groupeicare.com\/\">https:\/\/www.groupeicare.com<\/a><\/p>\n<p>ICARE est une SAS au Capital social\u00a0de \u00a0301\u00a0696,00 \u20acNum\u00e9ro<\/p>\n<p>RCS\u00a0: Clermont-Ferrand B 429\u00a0835\u00a0317- Siret : 42983531700018 \u2013 APE : 6430Z<\/p>\n<p>&nbsp;<\/p>\n<h2>R\u00e9alisation du site internet<\/h2>\n<p>COQPIT<br \/>\n5 Rue Valentin Hauy &#8211; Parc Technologique de La Pardieu &#8211; 63000 Clermont-Ferrand &#8211; France<br \/>\nSiret : 818 823 320 00036<br \/>\nNaf : 6201Z<br \/>\nTVA : FR 68 818 823 320<br \/>\nRCS Clermont-Ferrand B 818 823 320<br \/>\nSAS au capital de 244.000,00 \u20ac<br \/>\nTel : 04 73 38 67 25 &#8211;<br \/>\nSite internet : <a href=\"https:\/\/www.coqpit.fr\/\">www.coqpit.fr<\/a><\/p>\n<h2>Conditions d\u2019utilisation<\/h2>\n<p>Le site accessible par les url suivants : icare.dev.overscan.io est exploit\u00e9 dans le respect de la l\u00e9gislation fran\u00e7aise. L\u2019utilisation de ce site est r\u00e9gie par les pr\u00e9sentes conditions g\u00e9n\u00e9rales. En utilisant le site, vous reconnaissez avoir pris connaissance de ces conditions et les avoir accept\u00e9es. Celles-ci pourront \u00eatre modifi\u00e9es \u00e0 tout moment et sans pr\u00e9avis par la soci\u00e9t\u00e9 ICARE.<br \/>\nICARE ne saurait \u00eatre tenu pour responsable en aucune mani\u00e8re d\u2019une mauvaise utilisation du service.<\/p>\n<p>&nbsp;<\/p>\n<h2>Responsable \u00e9ditorial<\/h2>\n<p>Christian Poinsot<br \/>\n<b>Groupe Icare<\/b><\/p>\n<address>Biop\u00f4le Clermont Limagne<br \/>\n63360 SAINT-BEAUZIRE<br \/>\nFrance<\/address>\n<p><a href=\"tel:+33473339999\">T\u00e9l. :\u00a0+ 33 (0) 4 73 33 99 99<\/a><br \/>\n<a href=\"https:\/\/www.groupeicare.com\/\">https:\/\/www.groupeicare.com<\/a><\/p>\n<p>&nbsp;<\/p>\n<h2>Limitation de responsabilit\u00e9<\/h2>\n<p>Les informations contenues sur ce site sont aussi pr\u00e9cises que possibles et le site est p\u00e9riodiquement remis \u00e0 jour, mais peut toutefois contenir des inexactitudes, des omissions ou des lacunes. Si vous constatez une lacune, erreur ou ce qui parait \u00eatre un dysfonctionnement, merci de bien vouloir le signaler par\u00a0email\u00a0en d\u00e9crivant le probl\u00e8me de la mani\u00e8re la plus pr\u00e9cise possible (page posant probl\u00e8me, action d\u00e9clenchante, type d\u2019ordinateur et de navigateur utilis\u00e9, \u2026).<\/p>\n<p>Tout contenu t\u00e9l\u00e9charg\u00e9 se fait aux risques et p\u00e9rils de l\u2019utilisateur et sous sa seule responsabilit\u00e9. En cons\u00e9quence, Icare ne saurait \u00eatre tenu responsable d\u2019un quelconque dommage subi par l\u2019ordinateur de l\u2019utilisateur ou d\u2019une quelconque perte de donn\u00e9es cons\u00e9cutives au t\u00e9l\u00e9chargement.<\/p>\n<p>Les photos sont non contractuelles.<\/p>\n<p>Les liens hypertextes mis en place dans le cadre du pr\u00e9sent site internet en direction d\u2019autres ressources pr\u00e9sentes sur le r\u00e9seau Internet ne sauraient engager la responsabilit\u00e9 d\u2019Icare.<\/p>\n<p>&nbsp;<\/p>\n<h2>Litiges<\/h2>\n<p>Les pr\u00e9sentes conditions sont r\u00e9gies par les lois fran\u00e7aises et toutes contestations ou litiges qui pourraient na\u00eetre de l\u2019interpr\u00e9tation ou de l\u2019ex\u00e9cution de celles-ci seront de la comp\u00e9tence exclusive des tribunaux dont d\u00e9pend le si\u00e8ge social de la soci\u00e9t\u00e9 Icare. La langue de r\u00e9f\u00e9rence, pour le r\u00e8glement de contentieux \u00e9ventuels, est le fran\u00e7ais.<\/p>\n<p>&nbsp;<\/p>\n<h2>Confidentialit\u00e9<\/h2>\n<p>Donn\u00e9es collect\u00e9es et trait\u00e9es<br \/>\nConform\u00e9ment aux dispositions de l\u2019article 5 du R\u00e8glement europ\u00e9en 2016\/679, la collecte et le traitement des donn\u00e9es utilisateurs du site respectent les principes suivants\u00a0:<\/p>\n<ul>\n<li>Lic\u00e9it\u00e9, loyaut\u00e9 et transparence\u00a0: les donn\u00e9es ne peuvent \u00eatre collect\u00e9es et trait\u00e9es qu\u2019avec le consentement de l\u2019utilisateur propri\u00e9taire des donn\u00e9es. A chaque fois que des donn\u00e9es \u00e0 caract\u00e8re personnel seront collect\u00e9es, il sera indiqu\u00e9 \u00e0 l\u2019utilisateur que ses donn\u00e9es sont collect\u00e9es et pour quelles raisons elles le sont.<\/li>\n<li>Finalit\u00e9s limit\u00e9es\u00a0: la collecte et le traitement des donn\u00e9es sont ex\u00e9cut\u00e9s pour r\u00e9pondre \u00e0 un ou plusieurs objectifs d\u00e9termin\u00e9s dans les pr\u00e9sentes mentions l\u00e9gales<\/li>\n<li>Minimisation de la collecte et du traitement des donn\u00e9es\u00a0: seules les donn\u00e9es n\u00e9cessaires \u00e0 la bonne ex\u00e9cution des objectifs poursuivis par le site sont collect\u00e9es.<\/li>\n<li>Conservation des donn\u00e9es\u00a0: les donn\u00e9es sont conserv\u00e9es pour une dur\u00e9e limit\u00e9e, dont l\u2019utilisateur est inform\u00e9\u00a0;<\/li>\n<li>Int\u00e9grit\u00e9 et confidentialit\u00e9\u00a0: le responsable du traitement des donn\u00e9es s\u2019engage \u00e0 garantir l\u2019int\u00e9grit\u00e9 et la confidentialit\u00e9 des donn\u00e9es collect\u00e9es.<\/li>\n<\/ul>\n<p>Les donn\u00e9es \u00e0 caract\u00e8re personnel collect\u00e9es sur le site Icare sont les suivantes\u00a0:<\/p>\n<ul>\n<li>Nom<\/li>\n<li>Pr\u00e9nom<\/li>\n<li>Soci\u00e9t\u00e9<\/li>\n<li>Fonction<\/li>\n<li>Site web<\/li>\n<li>Adresse mail<\/li>\n<li>Adresse<\/li>\n<li>Code postal<\/li>\n<li>Ville<\/li>\n<li>Pays<\/li>\n<li>T\u00e9l\u00e9phone<\/li>\n<li>Domaine d\u2019activit\u00e9<\/li>\n<\/ul>\n<p>Ces donn\u00e9es sont collect\u00e9es lorsque l\u2019utilisateur effectue l\u2019une des op\u00e9rations suivantes sur le site\u00a0: lorsqu\u2019un formulaire est rempli et envoy\u00e9\u00a0: candidatures spontan\u00e9es, formulaire contactez-nous.<\/p>\n<p>La collecte et le traitement des donn\u00e9es r\u00e9pondent aux finalit\u00e9s suivantes : les donn\u00e9es recueillies suite au remplissage de formulaire de contact permettent de r\u00e9pondre mieux et plus vite aux besoins et demandes exprim\u00e9s. Les donn\u00e9es sont donc stock\u00e9es dans notre CRM pour que la prise de contact puisse s\u2019effectuer.<br \/>\nLe responsable du traitement conservera dans ses syst\u00e8mes informatiques du site et dans des conditions raisonnables de s\u00e9curit\u00e9 l\u2019ensemble des donn\u00e9es collect\u00e9es pour une dur\u00e9e de 3 ans.<\/p>\n<p>Droits de l\u2019utilisateur et proc\u00e9dures de mise en \u0153uvre des droits de l\u2019utilisateur\u00a0:<\/p>\n<p>Conform\u00e9ment \u00e0 la r\u00e8glementation concernant le traitement des donn\u00e9es, l\u2019utilisateur poss\u00e8de les droits suivants\u00a0:<\/p>\n<ul>\n<li>Droit d\u2019acc\u00e8s, de rectification et droit d\u2019oubli\u00a0: pour se faire, il doit respecter la proc\u00e9dure ci-apr\u00e8s\u00a0: L\u2019utilisateur doit envoyer un e-mail au responsable du traitement des donn\u00e9es personnelles, en pr\u00e9cisant l\u2019objet de sa demande et en utilisant l\u2019adresse e-mail de contact\u00a0informations@groupeicare.com<\/li>\n<li>Droit de portabilit\u00e9 des donn\u00e9es\u00a0: l\u2019utilisateur a le droit de demander la portabilit\u00e9 des donn\u00e9es d\u00e9tenues par le site selon la proc\u00e9dure suivante\u00a0: L\u2019utilisateur doit envoyer un e-mail au responsable du traitement des donn\u00e9es personnelles, en pr\u00e9cisant l\u2019objet de sa demande et en utilisant l\u2019adresse e-mail de contact\u00a0informations@groupeicare.com<\/li>\n<li>Droit \u00e0 la limitation et \u00e0 l\u2019opposition du traitement des donn\u00e9es\u00a0: L\u2019utilisateur a le droit de demander la limitation ou de s\u2019opposer au traitement de ses donn\u00e9es par le site, sans que le site ne puisse refuser, sauf \u00e0 d\u00e9montrer l\u2019existence de motifs l\u00e9gitimes et imp\u00e9rieux, pouvant pr\u00e9valoir sur les int\u00e9r\u00eats et les droits et libert\u00e9s de l\u2019utilisateur.<br \/>\nAfin de demander la limitation du traitement de ses donn\u00e9es ou de formuler une opposition au traitement de ses donn\u00e9es, l\u2019utilisateur doit suivre la proc\u00e9dure suivante : L\u2019utilisateur doit envoyer un e-mail au responsable du traitement des donn\u00e9es personnelles, en pr\u00e9cisant l\u2019objet de sa demande et en utilisant l\u2019adresse e-mail de contact\u00a0informations@groupeicare.com<\/li>\n<li>Droit de d\u00e9terminer le sort des donn\u00e9es apr\u00e8s la mort\u00a0: Il est rappel\u00e9 \u00e0 l\u2019utilisateur qu\u2019il peut organiser quel doit \u00eatre le devenir de ses donn\u00e9es collect\u00e9es et trait\u00e9es s\u2019il d\u00e9c\u00e8de, conform\u00e9ment \u00e0 la loi n\u00b02016-1321 du 7 octobre 2016.<\/li>\n<li>Droit de saisir l\u2019autorit\u00e9 de contr\u00f4le comp\u00e9tente\u00a0: Dans le cas o\u00f9 le responsable de traitement des donn\u00e9es d\u00e9cide de ne pas r\u00e9pondre \u00e0 la demande de l\u2019Utilisateur et que celui souhaite contester cette d\u00e9cision, il est en droit de saisir la CNIL ou tout juge comp\u00e9tent.<\/li>\n<\/ul>\n<h2>Propri\u00e9t\u00e9 intellectuelle<\/h2>\n<p>Tout le contenu du pr\u00e9sent site, incluant, de fa\u00e7on non limitative, les graphismes, images, textes, vid\u00e9os, animations, sons, logos, gifs et ic\u00f4nes ainsi que leur mise en forme sont la propri\u00e9t\u00e9 exclusive de la soci\u00e9t\u00e9 Icare \u00e0 l\u2019exception des marques, logos ou contenus appartenant \u00e0 d\u2019autres soci\u00e9t\u00e9s partenaires ou auteurs.Toute reproduction, distribution, modification, adaptation, retransmission ou publication, m\u00eame partielle, de ces diff\u00e9rents \u00e9l\u00e9ments est strictement interdite sans l\u2019accord expr\u00e8s par \u00e9crit d\u2019Icare. Cette repr\u00e9sentation ou reproduction, par quelque proc\u00e9d\u00e9 que ce soit, constitue une contrefa\u00e7on sanctionn\u00e9e par les articles L.3335-2 et suivants du Code de la propri\u00e9t\u00e9 intellectuelle. Le non-respect de cette interdiction constitue une contrefa\u00e7on pouvant engager la responsabilit\u00e9 civile et p\u00e9nale du contrefacteur. En outre, les propri\u00e9taires des Contenus copi\u00e9s pourraient intenter une action en justice \u00e0 votre encontre.<\/p>\n<p>Icare est identiquement propri\u00e9taire des \u00ab\u00a0droits des producteurs de bases de donn\u00e9es\u00a0\u00bb vis\u00e9s au Livre III, Titre IV, du Code de la Propri\u00e9t\u00e9 Intellectuelle (loi n\u00b0 98-536 du 1er juillet 1998) relative aux droits d\u2019auteur et aux bases de donn\u00e9es.<\/p>\n<p>Les utilisateurs et visiteurs du site internet peuvent mettre en place un hyperlien en direction de ce site, mais uniquement en direction de la page d\u2019accueil, accessible \u00e0 l\u2019URL suivante : icare.dev.overscan.io, \u00e0 condition que ce lien s\u2019ouvre dans une nouvelle fen\u00eatre. En particulier un lien vers une sous page (\u00ab lien profond \u00bb) est interdit, ainsi que l\u2019ouverture du pr\u00e9sent site au sein d\u2019un cadre (\u00ab framing \u00bb), sauf l\u2019autorisation expresse et pr\u00e9alable d\u2019Icare.<\/p>\n<p>Pour toute demande d\u2019autorisation ou d\u2019information, veuillez nous contacter par email :\u00a0informations@groupeicare.com<\/p>\n<p>Des conditions sp\u00e9cifiques sont pr\u00e9vues pour la presse.<\/p>\n<p>&nbsp;<\/p>\n<h2>H\u00e9bergeur<\/h2>\n<address>OVH<br \/>\nSi\u00e8ge social : 2 rue Kellermann<br \/>\n59100 Roubaix<br \/>\nFrance<\/address>\n<p><a title=\"site OVH\" href=\"https:\/\/www.ovh.com\/fr\/\" target=\"_blank\" rel=\"noopener\">https:\/\/www.ovh.com\/fr\/<\/a><\/p>\n<p>&nbsp;<\/p>\n<h2>Conditions de service<\/h2>\n<p>Pour un meilleur confort d\u2019utilisation et un graphisme plus agr\u00e9able, nous vous recommandons de recourir \u00e0 des navigateurs modernes comme Safari, Firefox, Chrome,\u2026<\/p>\n<p>&nbsp;<\/p>\n<h2>Informations et exclusion<\/h2>\n<p>Icare met en \u0153uvre tous les moyens dont elle dispose, pour assurer une information fiable et une mise \u00e0 jour fiable de ses sites internet. Toutefois, des erreurs ou omissions peuvent survenir. L\u2019internaute devra donc s\u2019assurer de l\u2019exactitude des informations aupr\u00e8s d\u2019Icare et signaler toutes modifications du site qu\u2019il jugerait utile. Icare n\u2019est en aucun cas responsable de l\u2019utilisation faite de ces informations, et de tout pr\u00e9judice direct ou indirect pouvant en d\u00e9couler.<\/p>\n<p>&nbsp;<\/p>\n<h2>Cookies<\/h2>\n<p>Le site a recours l\u2019utilisation de \u00ab cookies \u00bb. Un \u00ab cookie \u00bb est un fichier de petite taille (moins de 4 ko), stock\u00e9 par le site sur le disque dur de l\u2019utilisateur, contenant des informations relatives aux habitudes de navigation de l\u2019utilisateur. Ces fichiers permettent de traiter des statistiques et des informations sur le trafic. L\u2019utilisation de fichiers \u00ab cookies \u00bb impliquant la sauvegarde et l\u2019analyse de donn\u00e9es \u00e0 caract\u00e8re personnel, le consentement de l\u2019utilisateur est n\u00e9cessairement demand\u00e9.<\/p>\n<p>Ce consentement de l\u2019utilisateur est consid\u00e9r\u00e9 comme valide pour une dur\u00e9e de 13 (treize) mois maximum. A l\u2019issue de cette p\u00e9riode, le site demandera \u00e0 nouveau l\u2019autorisation de l\u2019utilisateur pour enregistrer des fichiers \u00ab cookies \u00bb sur son disque dur.<\/p>\n<h5>A. Opposition de l\u2019utilisateur \u00e0 l\u2019utilisation de fichiers \u00ab cookies \u00bb par le site<\/h5>\n<p>Il est port\u00e9 \u00e0 la connaissance de l\u2019utilisateur qu\u2019il peut s\u2019opposer \u00e0 l\u2019enregistrement de ces fichiers \u00ab cookies \u00bb en configurant son logiciel de navigation.<\/p>\n<p>Pour information, l\u2019utilisateur peut trouver aux adresses suivantes les d\u00e9marches \u00e0 suivre afin de configurer son logiciel de navigation pour s\u2019opposer \u00e0 l\u2019enregistrement des fichiers \u00ab cookies \u00bb :<\/p>\n<ul>\n<li>Chrome :\u00a0<a title=\"Support Chrome\" href=\"https:\/\/support.google.com\/accounts\/answer\/61416?hl=fr\" target=\"_blank\" rel=\"noopener\">https:\/\/support.google.com\/accounts\/answer\/61416?hl=fr<\/a><\/li>\n<li>Firefox :\u00a0<a title=\"Support Firefox\" href=\"https:\/\/support.mozilla.org\/fr\/kb\/protection-renforcee-contre-pistage-firefox-ordinateur\" target=\"_blank\" rel=\"noopener\">https:\/\/support.mozilla.org\/fr\/kb\/protection-renforcee-contre-pistage-firefox-ordinateur<\/a><\/li>\n<li>Safari :\u00a0<a title=\"Support Safari\" href=\"https:\/\/www.apple.com\/legal\/privacy\/fr-ww\/\" target=\"_blank\" rel=\"noopener\">https:\/\/www.apple.com\/legal\/privacy\/fr-ww\/<\/a><\/li>\n<li>Opera :\u00a0<a title=\"Support Opera\" href=\"http:\/\/www.opera.com\/help\/tutorials\/security\/cookies\/\" target=\"_blank\" rel=\"noopener\">http:\/\/www.opera.com\/help\/tutorials\/security\/cookies\/<\/a><\/li>\n<\/ul>\n<p>Dans le cas o\u00f9 l\u2019utilisateur d\u00e9cide de d\u00e9sactiver les fichiers \u00ab cookies \u00bb, il pourra poursuivre sa navigation sur le site. Toutefois, tout dysfonctionnement du site provoqu\u00e9 par cette manipulation ne pourrait \u00eatre consid\u00e9r\u00e9 comme \u00e9tant du fait de l\u2019\u00e9diteur du site.<\/p>\n<h5>B. Description des principaux fichiers \u00ab cookies \u00bb utilis\u00e9s par le site<\/h5>\n<p>L\u2019\u00e9diteur du site attire l\u2019attention de l\u2019utilisateur sur le fait que les cookies suivants sont utilis\u00e9s lors de sa navigation :<\/p>\n<ul>\n<li>Origine des cookies : Matomo Analytics<\/li>\n<li>Emetteur : Einden<\/li>\n<li>Finalit\u00e9 : Analyse de l\u2019audience<\/li>\n<\/ul>\n<h2>Liens hypertextes<\/h2>\n<p>Les sites internet d\u2019Icare peuvent offrir des liens vers d\u2019autres sites internet ou d\u2019autres ressources disponibles sur Internet.Icare ne dispose d\u2019aucun moyen pour contr\u00f4ler les sites en connexion avec ses sites internet.<\/p>\n<p>Icare ne r\u00e9pond pas de la disponibilit\u00e9 de tels sites et sources externes, ni ne la garantit. Elle ne peut \u00eatre tenue pour responsable de tout dommage, de quelque nature que ce soit, r\u00e9sultant du contenu de ces sites ou sources externes, et notamment des informations, produits ou services qu\u2019ils proposent, ou de tout usage qui peut \u00eatre fait de ces \u00e9l\u00e9ments. Les risques li\u00e9s \u00e0 cette utilisation incombent pleinement \u00e0 l\u2019internaute, qui doit se conformer \u00e0 leurs conditions d\u2019utilisation.<\/p>\n<p>Les utilisateurs, les abonn\u00e9s et les visiteurs des sites internet d\u2019Icare ne peuvent mettre en place un hyperlien en direction de ce site sans l\u2019autorisation expresse et pr\u00e9alable d\u2019Icare.<\/p>\n<p>Dans l\u2019hypoth\u00e8se o\u00f9 un utilisateur ou visiteur souhaiterait mettre en place un hyperlien en direction d\u2019un des sites internet d\u2019Icare, il lui appartiendra d\u2019adresser un email accessible sur le site afin de formuler sa demande de mise en place d\u2019un hyperlien. Icare se r\u00e9serve le droit d\u2019accepter ou de refuser un hyperlien sans avoir \u00e0 en justifier sa d\u00e9cision.<\/p>\n<p>&nbsp;<\/p>\n<h2>Recherche<\/h2>\n<p>En outre, le renvoi sur un site internet pour compl\u00e9ter une information recherch\u00e9e ne signifie en aucune fa\u00e7on qu\u2019Icare reconna\u00eet ou accepte quelque responsabilit\u00e9 quant \u00e0 la teneur ou \u00e0 l\u2019utilisation dudit site.<\/p>\n<p>&nbsp;<\/p>\n<h2>Pr\u00e9cautions d\u2019usage<\/h2>\n<p>Il vous incombe par cons\u00e9quent de prendre les pr\u00e9cautions d\u2019usage n\u00e9cessaires pour vous assurer que ce que vous choisissez d\u2019utiliser ne soit pas entach\u00e9 d\u2019erreurs voire d\u2019\u00e9l\u00e9ments de nature destructrice tels que virus, trojans, etc\u2026.<\/p>\n<p>&nbsp;<\/p>\n<h2>Responsabilit\u00e9<\/h2>\n<p>Aucune autre garantie n\u2019est accord\u00e9e au client, auquel incombe l\u2019obligation de formuler clairement ses besoins et le devoir de s\u2019informer. Si des informations fournies par Icare apparaissent inexactes, il appartiendra au client de proc\u00e9der lui-m\u00eame \u00e0 toutes v\u00e9rifications de la coh\u00e9rence ou de la vraisemblance des r\u00e9sultats obtenus. Icare ne sera en aucune fa\u00e7on responsable vis \u00e0 vis des tiers de l\u2019utilisation par le client des informations ou de leur absence contenue dans ses produits y compris un de ses sites Internet.<\/p>\n<p>&nbsp;<\/p>\n<h2>Contactez-nous<\/h2>\n<p>Icare est \u00e0 votre disposition pour tous vos commentaires ou suggestions. Vous pouvez nous \u00e9crire en fran\u00e7ais par courrier \u00e9lectronique \u00e0 : informations@groupeicare.com<\/p>\n<p>&nbsp;<\/p>\n<h2>Cr\u00e9dit Photos<\/h2>\n<p>Groupe Icare<\/p>\n","protected":false},"excerpt":{"rendered":"<p>Merci de lire attentivement les pr\u00e9sentes modalit\u00e9s d\u2019utilisation du pr\u00e9sent site avant de le parcourir. En vous connectant sur ce site, vous acceptez sans r\u00e9serve les pr\u00e9sentes modalit\u00e9s. &nbsp; Editeur du site GROUPE ICARE par\u00a0Christian Poinsot Biop\u00f4le Clermont Limagne 63360 SAINT-BEAUZIRE France T\u00e9l. :\u00a0+ 33 (0) 4 73 33 99 99 https:\/\/www.groupeicare.com ICARE est une [&hellip;]<\/p>\n","protected":false},"author":1,"featured_media":0,"parent":0,"menu_order":0,"comment_status":"closed","ping_status":"closed","template":"templates\/page-classic.php","meta":{"_acf_changed":false,"footnotes":""},"class_list":["post-13963","page","type-page","status-publish","hentry"],"acf":[],"yoast_head":"<!-- This site is optimized with the Yoast SEO plugin v24.3 - https:\/\/yoast.com\/wordpress\/plugins\/seo\/ -->\n<title>Mentions l\u00e9gales - Groupe Icare<\/title>\n<meta name=\"robots\" content=\"noindex, follow\" \/>\n<meta property=\"og:locale\" content=\"en_US\" \/>\n<meta property=\"og:type\" content=\"article\" \/>\n<meta property=\"og:title\" content=\"Mentions l\u00e9gales - Groupe Icare\" \/>\n<meta property=\"og:description\" content=\"Merci de lire attentivement les pr\u00e9sentes modalit\u00e9s d\u2019utilisation du pr\u00e9sent site avant de le parcourir. En vous connectant sur ce site, vous acceptez sans r\u00e9serve les pr\u00e9sentes modalit\u00e9s. &nbsp; Editeur du site GROUPE ICARE par\u00a0Christian Poinsot Biop\u00f4le Clermont Limagne 63360 SAINT-BEAUZIRE France T\u00e9l. :\u00a0+ 33 (0) 4 73 33 99 99 https:\/\/www.groupeicare.com ICARE est une [&hellip;]\" \/>\n<meta property=\"og:url\" content=\"https:\/\/groupe-icare.mycoqpit.fr\/en\/mentions-legales\/\" \/>\n<meta property=\"og:site_name\" content=\"Groupe Icare\" \/>\n<meta name=\"twitter:card\" content=\"summary_large_image\" \/>\n<meta name=\"twitter:label1\" content=\"Est. reading time\" \/>\n\t<meta name=\"twitter:data1\" content=\"11 minutes\" \/>\n<script type=\"application\/ld+json\" class=\"yoast-schema-graph\">{\"@context\":\"https:\/\/schema.org\",\"@graph\":[{\"@type\":\"WebPage\",\"@id\":\"https:\/\/groupe-icare.mycoqpit.fr\/en\/mentions-legales\/\",\"url\":\"https:\/\/groupe-icare.mycoqpit.fr\/en\/mentions-legales\/\",\"name\":\"Mentions l\u00e9gales - Groupe Icare\",\"isPartOf\":{\"@id\":\"https:\/\/groupe-icare.mycoqpit.fr\/en\/#website\"},\"datePublished\":\"2024-09-16T08:46:32+00:00\",\"dateModified\":\"2024-09-16T08:46:32+00:00\",\"breadcrumb\":{\"@id\":\"https:\/\/groupe-icare.mycoqpit.fr\/en\/mentions-legales\/#breadcrumb\"},\"inLanguage\":\"en-US\",\"potentialAction\":[{\"@type\":\"ReadAction\",\"target\":[\"https:\/\/groupe-icare.mycoqpit.fr\/en\/mentions-legales\/\"]}]},{\"@type\":\"BreadcrumbList\",\"@id\":\"https:\/\/groupe-icare.mycoqpit.fr\/en\/mentions-legales\/#breadcrumb\",\"itemListElement\":[{\"@type\":\"ListItem\",\"position\":1,\"name\":\"Accueil\",\"item\":\"https:\/\/groupe-icare.mycoqpit.fr\/en\/\"},{\"@type\":\"ListItem\",\"position\":2,\"name\":\"Mentions l\u00e9gales\"}]},{\"@type\":\"WebSite\",\"@id\":\"https:\/\/groupe-icare.mycoqpit.fr\/en\/#website\",\"url\":\"https:\/\/groupe-icare.mycoqpit.fr\/en\/\",\"name\":\"Groupe Icare\",\"description\":\"\",\"publisher\":{\"@id\":\"https:\/\/groupe-icare.mycoqpit.fr\/en\/#organization\"},\"potentialAction\":[{\"@type\":\"SearchAction\",\"target\":{\"@type\":\"EntryPoint\",\"urlTemplate\":\"https:\/\/groupe-icare.mycoqpit.fr\/en\/?s={search_term_string}\"},\"query-input\":{\"@type\":\"PropertyValueSpecification\",\"valueRequired\":true,\"valueName\":\"search_term_string\"}}],\"inLanguage\":\"en-US\"},{\"@type\":\"Organization\",\"@id\":\"https:\/\/groupe-icare.mycoqpit.fr\/en\/#organization\",\"name\":\"Groupe Icare\",\"url\":\"https:\/\/groupe-icare.mycoqpit.fr\/en\/\",\"logo\":{\"@type\":\"ImageObject\",\"inLanguage\":\"en-US\",\"@id\":\"https:\/\/groupe-icare.mycoqpit.fr\/en\/#\/schema\/logo\/image\/\",\"url\":\"https:\/\/groupe-icare.mycoqpit.fr\/wp-content\/uploads\/2024\/07\/groupe-icare-main.svg\",\"contentUrl\":\"https:\/\/groupe-icare.mycoqpit.fr\/wp-content\/uploads\/2024\/07\/groupe-icare-main.svg\",\"caption\":\"Groupe Icare\"},\"image\":{\"@id\":\"https:\/\/groupe-icare.mycoqpit.fr\/en\/#\/schema\/logo\/image\/\"}}]}<\/script>\n<!-- \/ Yoast SEO plugin. -->","yoast_head_json":{"title":"Mentions l\u00e9gales - Groupe Icare","robots":{"index":"noindex","follow":"follow"},"og_locale":"en_US","og_type":"article","og_title":"Mentions l\u00e9gales - Groupe Icare","og_description":"Merci de lire attentivement les pr\u00e9sentes modalit\u00e9s d\u2019utilisation du pr\u00e9sent site avant de le parcourir. En vous connectant sur ce site, vous acceptez sans r\u00e9serve les pr\u00e9sentes modalit\u00e9s. &nbsp; Editeur du site GROUPE ICARE par\u00a0Christian Poinsot Biop\u00f4le Clermont Limagne 63360 SAINT-BEAUZIRE France T\u00e9l. :\u00a0+ 33 (0) 4 73 33 99 99 https:\/\/www.groupeicare.com ICARE est une [&hellip;]","og_url":"https:\/\/groupe-icare.mycoqpit.fr\/en\/mentions-legales\/","og_site_name":"Groupe Icare","twitter_card":"summary_large_image","twitter_misc":{"Est. reading time":"11 minutes"},"schema":{"@context":"https:\/\/schema.org","@graph":[{"@type":"WebPage","@id":"https:\/\/groupe-icare.mycoqpit.fr\/en\/mentions-legales\/","url":"https:\/\/groupe-icare.mycoqpit.fr\/en\/mentions-legales\/","name":"Mentions l\u00e9gales - Groupe Icare","isPartOf":{"@id":"https:\/\/groupe-icare.mycoqpit.fr\/en\/#website"},"datePublished":"2024-09-16T08:46:32+00:00","dateModified":"2024-09-16T08:46:32+00:00","breadcrumb":{"@id":"https:\/\/groupe-icare.mycoqpit.fr\/en\/mentions-legales\/#breadcrumb"},"inLanguage":"en-US","potentialAction":[{"@type":"ReadAction","target":["https:\/\/groupe-icare.mycoqpit.fr\/en\/mentions-legales\/"]}]},{"@type":"BreadcrumbList","@id":"https:\/\/groupe-icare.mycoqpit.fr\/en\/mentions-legales\/#breadcrumb","itemListElement":[{"@type":"ListItem","position":1,"name":"Accueil","item":"https:\/\/groupe-icare.mycoqpit.fr\/en\/"},{"@type":"ListItem","position":2,"name":"Mentions l\u00e9gales"}]},{"@type":"WebSite","@id":"https:\/\/groupe-icare.mycoqpit.fr\/en\/#website","url":"https:\/\/groupe-icare.mycoqpit.fr\/en\/","name":"Groupe Icare","description":"","publisher":{"@id":"https:\/\/groupe-icare.mycoqpit.fr\/en\/#organization"},"potentialAction":[{"@type":"SearchAction","target":{"@type":"EntryPoint","urlTemplate":"https:\/\/groupe-icare.mycoqpit.fr\/en\/?s={search_term_string}"},"query-input":{"@type":"PropertyValueSpecification","valueRequired":true,"valueName":"search_term_string"}}],"inLanguage":"en-US"},{"@type":"Organization","@id":"https:\/\/groupe-icare.mycoqpit.fr\/en\/#organization","name":"Groupe Icare","url":"https:\/\/groupe-icare.mycoqpit.fr\/en\/","logo":{"@type":"ImageObject","inLanguage":"en-US","@id":"https:\/\/groupe-icare.mycoqpit.fr\/en\/#\/schema\/logo\/image\/","url":"https:\/\/groupe-icare.mycoqpit.fr\/wp-content\/uploads\/2024\/07\/groupe-icare-main.svg","contentUrl":"https:\/\/groupe-icare.mycoqpit.fr\/wp-content\/uploads\/2024\/07\/groupe-icare-main.svg","caption":"Groupe Icare"},"image":{"@id":"https:\/\/groupe-icare.mycoqpit.fr\/en\/#\/schema\/logo\/image\/"}}]}},"_links":{"self":[{"href":"https:\/\/groupe-icare.mycoqpit.fr\/en\/wp-json\/wp\/v2\/pages\/13963","targetHints":{"allow":["GET"]}}],"collection":[{"href":"https:\/\/groupe-icare.mycoqpit.fr\/en\/wp-json\/wp\/v2\/pages"}],"about":[{"href":"https:\/\/groupe-icare.mycoqpit.fr\/en\/wp-json\/wp\/v2\/types\/page"}],"author":[{"embeddable":true,"href":"https:\/\/groupe-icare.mycoqpit.fr\/en\/wp-json\/wp\/v2\/users\/1"}],"replies":[{"embeddable":true,"href":"https:\/\/groupe-icare.mycoqpit.fr\/en\/wp-json\/wp\/v2\/comments?post=13963"}],"version-history":[{"count":0,"href":"https:\/\/groupe-icare.mycoqpit.fr\/en\/wp-json\/wp\/v2\/pages\/13963\/revisions"}],"wp:attachment":[{"href":"https:\/\/groupe-icare.mycoqpit.fr\/en\/wp-json\/wp\/v2\/media?parent=13963"}],"curies":[{"name":"wp","href":"https:\/\/api.w.org\/{rel}","templated":true}]}}